{"id":835,"date":"2024-06-20T13:58:17","date_gmt":"2024-06-20T13:58:17","guid":{"rendered":"https:\/\/stophumantrafficking.me\/recursos-2\/"},"modified":"2024-10-15T23:03:35","modified_gmt":"2024-10-15T23:03:35","slug":"recursos-2","status":"publish","type":"page","link":"https:\/\/stophumantrafficking.me\/es\/recursos-2\/","title":{"rendered":"Recursos"},"content":{"rendered":"\t\t<div data-elementor-type=\"wp-page\" data-elementor-id=\"835\" class=\"elementor elementor-835 elementor-739\" data-elementor-post-type=\"page\">\n\t\t\t\t\t\t<section class=\"elementor-section elementor-top-section elementor-element elementor-element-7e10b9f elementor-section-boxed elementor-section-height-default elementor-section-height-default\" data-id=\"7e10b9f\" data-element_type=\"section\" data-e-type=\"section\">\n\t\t\t\t\t\t<div class=\"elementor-container elementor-column-gap-default\">\n\t\t\t\t\t<div class=\"elementor-column elementor-col-100 elementor-top-column elementor-element elementor-element-cfdcd38\" data-id=\"cfdcd38\" data-element_type=\"column\" data-e-type=\"column\">\n\t\t\t<div class=\"elementor-widget-wrap elementor-element-populated\">\n\t\t\t\t\t\t<div class=\"elementor-element elementor-element-7d91078 elementor-widget elementor-widget-heading\" data-id=\"7d91078\" data-element_type=\"widget\" data-e-type=\"widget\" data-widget_type=\"heading.default\">\n\t\t\t\t<div class=\"elementor-widget-container\">\n\t\t\t\t\t<h2 class=\"elementor-heading-title elementor-size-default\">Recursos sobre trata de personas y crisis  <\/h2>\t\t\t\t<\/div>\n\t\t\t\t<\/div>\n\t\t\t\t<section class=\"elementor-section elementor-inner-section elementor-element elementor-element-c46c06f elementor-section-boxed elementor-section-height-default elementor-section-height-default\" data-id=\"c46c06f\" data-element_type=\"section\" data-e-type=\"section\">\n\t\t\t\t\t\t<div class=\"elementor-container elementor-column-gap-default\">\n\t\t\t\t\t<div class=\"elementor-column elementor-col-33 elementor-inner-column elementor-element elementor-element-3ab8d03\" data-id=\"3ab8d03\" data-element_type=\"column\" data-e-type=\"column\">\n\t\t\t<div class=\"elementor-widget-wrap elementor-element-populated\">\n\t\t\t\t\t\t<div class=\"elementor-element elementor-element-76013ff elementor-widget elementor-widget-heading\" data-id=\"76013ff\" data-element_type=\"widget\" data-e-type=\"widget\" data-widget_type=\"heading.default\">\n\t\t\t\t<div class=\"elementor-widget-container\">\n\t\t\t\t\t<h2 class=\"elementor-heading-title elementor-size-default\">L\u00ednea directa nacional contra la trata de seres humanos  <\/h2>\t\t\t\t<\/div>\n\t\t\t\t<\/div>\n\t\t\t\t<div class=\"elementor-element elementor-element-2ad76f6 elementor-align-center elementor-absolute elementor-widget elementor-widget-button\" data-id=\"2ad76f6\" data-element_type=\"widget\" data-e-type=\"widget\" data-settings=\"{&quot;_position&quot;:&quot;absolute&quot;}\" data-widget_type=\"button.default\">\n\t\t\t\t<div class=\"elementor-widget-container\">\n\t\t\t\t\t\t\t\t\t<div class=\"elementor-button-wrapper\">\n\t\t\t\t\t<a class=\"elementor-button elementor-button-link elementor-size-sm\" href=\"https:\/\/humantraffickinghotline.org\/\">\n\t\t\t\t\t\t<span class=\"elementor-button-content-wrapper\">\n\t\t\t\t\t\t\t\t\t<span class=\"elementor-button-text\">Saber m\u00e1s<\/span>\n\t\t\t\t\t<\/span>\n\t\t\t\t\t<\/a>\n\t\t\t\t<\/div>\n\t\t\t\t\t\t\t\t<\/div>\n\t\t\t\t<\/div>\n\t\t\t\t\t<\/div>\n\t\t<\/div>\n\t\t\t\t<div class=\"elementor-column elementor-col-33 elementor-inner-column elementor-element elementor-element-82590d7\" data-id=\"82590d7\" data-element_type=\"column\" data-e-type=\"column\">\n\t\t\t<div class=\"elementor-widget-wrap elementor-element-populated\">\n\t\t\t\t\t\t<div class=\"elementor-element elementor-element-e9fcafb elementor-widget elementor-widget-heading\" data-id=\"e9fcafb\" data-element_type=\"widget\" data-e-type=\"widget\" data-widget_type=\"heading.default\">\n\t\t\t\t<div class=\"elementor-widget-container\">\n\t\t\t\t\t<h2 class=\"elementor-heading-title elementor-size-default\">Equipos locales de lucha contra la trata de seres humanos de Florida  <\/h2>\t\t\t\t<\/div>\n\t\t\t\t<\/div>\n\t\t\t\t<div class=\"elementor-element elementor-element-b18a37b elementor-align-center elementor-absolute elementor-widget elementor-widget-button\" data-id=\"b18a37b\" data-element_type=\"widget\" data-e-type=\"widget\" data-settings=\"{&quot;_position&quot;:&quot;absolute&quot;}\" data-widget_type=\"button.default\">\n\t\t\t\t<div class=\"elementor-widget-container\">\n\t\t\t\t\t\t\t\t\t<div class=\"elementor-button-wrapper\">\n\t\t\t\t\t<a class=\"elementor-button elementor-button-link elementor-size-sm\" href=\"https:\/\/www.myfloridalegal.com\/human-trafficking\/stop-human-trafficking-local-task-forces-and-coalitions\">\n\t\t\t\t\t\t<span class=\"elementor-button-content-wrapper\">\n\t\t\t\t\t\t\t\t\t<span class=\"elementor-button-text\">Saber m\u00e1s<\/span>\n\t\t\t\t\t<\/span>\n\t\t\t\t\t<\/a>\n\t\t\t\t<\/div>\n\t\t\t\t\t\t\t\t<\/div>\n\t\t\t\t<\/div>\n\t\t\t\t\t<\/div>\n\t\t<\/div>\n\t\t\t\t<div class=\"elementor-column elementor-col-33 elementor-inner-column elementor-element elementor-element-ae61aa9\" data-id=\"ae61aa9\" data-element_type=\"column\" data-e-type=\"column\">\n\t\t\t<div class=\"elementor-widget-wrap elementor-element-populated\">\n\t\t\t\t\t\t<div class=\"elementor-element elementor-element-ea472e6 elementor-widget elementor-widget-heading\" data-id=\"ea472e6\" data-element_type=\"widget\" data-e-type=\"widget\" data-widget_type=\"heading.default\">\n\t\t\t\t<div class=\"elementor-widget-container\">\n\t\t\t\t\t<h2 class=\"elementor-heading-title elementor-size-default\">Proyecto Polaris - B\u00fasqueda de trata de seres humanos  <\/h2>\t\t\t\t<\/div>\n\t\t\t\t<\/div>\n\t\t\t\t<div class=\"elementor-element elementor-element-f6154b6 elementor-align-center elementor-absolute elementor-widget elementor-widget-button\" data-id=\"f6154b6\" data-element_type=\"widget\" data-e-type=\"widget\" data-settings=\"{&quot;_position&quot;:&quot;absolute&quot;}\" data-widget_type=\"button.default\">\n\t\t\t\t<div class=\"elementor-widget-container\">\n\t\t\t\t\t\t\t\t\t<div class=\"elementor-button-wrapper\">\n\t\t\t\t\t<a class=\"elementor-button elementor-button-link elementor-size-sm\" href=\"https:\/\/humantraffickingsearch.org\/\">\n\t\t\t\t\t\t<span class=\"elementor-button-content-wrapper\">\n\t\t\t\t\t\t\t\t\t<span class=\"elementor-button-text\">Saber m\u00e1s<\/span>\n\t\t\t\t\t<\/span>\n\t\t\t\t\t<\/a>\n\t\t\t\t<\/div>\n\t\t\t\t\t\t\t\t<\/div>\n\t\t\t\t<\/div>\n\t\t\t\t\t<\/div>\n\t\t<\/div>\n\t\t\t\t\t<\/div>\n\t\t<\/section>\n\t\t\t\t<section class=\"elementor-section elementor-inner-section elementor-element elementor-element-b2be519 elementor-section-boxed elementor-section-height-default elementor-section-height-default\" data-id=\"b2be519\" data-element_type=\"section\" data-e-type=\"section\">\n\t\t\t\t\t\t<div class=\"elementor-container elementor-column-gap-default\">\n\t\t\t\t\t<div class=\"elementor-column elementor-col-33 elementor-inner-column elementor-element elementor-element-1d0b9ff\" data-id=\"1d0b9ff\" data-element_type=\"column\" data-e-type=\"column\">\n\t\t\t<div class=\"elementor-widget-wrap elementor-element-populated\">\n\t\t\t\t\t\t<div class=\"elementor-element elementor-element-828695e elementor-widget elementor-widget-heading\" data-id=\"828695e\" data-element_type=\"widget\" data-e-type=\"widget\" data-widget_type=\"heading.default\">\n\t\t\t\t<div class=\"elementor-widget-container\">\n\t\t\t\t\t<h2 class=\"elementor-heading-title elementor-size-default\">988 L\u00ednea Directa de Suicidio y Crisis  <\/h2>\t\t\t\t<\/div>\n\t\t\t\t<\/div>\n\t\t\t\t<div class=\"elementor-element elementor-element-d50a1a9 elementor-align-center elementor-absolute elementor-widget elementor-widget-button\" data-id=\"d50a1a9\" data-element_type=\"widget\" data-e-type=\"widget\" data-settings=\"{&quot;_position&quot;:&quot;absolute&quot;}\" data-widget_type=\"button.default\">\n\t\t\t\t<div class=\"elementor-widget-container\">\n\t\t\t\t\t\t\t\t\t<div class=\"elementor-button-wrapper\">\n\t\t\t\t\t<a class=\"elementor-button elementor-button-link elementor-size-sm\" href=\"https:\/\/988lifeline.org\/\">\n\t\t\t\t\t\t<span class=\"elementor-button-content-wrapper\">\n\t\t\t\t\t\t\t\t\t<span class=\"elementor-button-text\">Saber m\u00e1s<\/span>\n\t\t\t\t\t<\/span>\n\t\t\t\t\t<\/a>\n\t\t\t\t<\/div>\n\t\t\t\t\t\t\t\t<\/div>\n\t\t\t\t<\/div>\n\t\t\t\t\t<\/div>\n\t\t<\/div>\n\t\t\t\t<div class=\"elementor-column elementor-col-33 elementor-inner-column elementor-element elementor-element-322f901\" data-id=\"322f901\" data-element_type=\"column\" data-e-type=\"column\">\n\t\t\t<div class=\"elementor-widget-wrap elementor-element-populated\">\n\t\t\t\t\t\t<div class=\"elementor-element elementor-element-ba1ea4c elementor-widget elementor-widget-heading\" data-id=\"ba1ea4c\" data-element_type=\"widget\" data-e-type=\"widget\" data-widget_type=\"heading.default\">\n\t\t\t\t<div class=\"elementor-widget-container\">\n\t\t\t\t\t<h2 class=\"elementor-heading-title elementor-size-default\">Oficina de Trata de Personas (OTIP) del Departamento de Salud y Servicios Humanos (HHS) de EE.UU. - Mira bajo la superficie  <\/h2>\t\t\t\t<\/div>\n\t\t\t\t<\/div>\n\t\t\t\t<div class=\"elementor-element elementor-element-49dd538 elementor-align-center elementor-absolute elementor-widget elementor-widget-button\" data-id=\"49dd538\" data-element_type=\"widget\" data-e-type=\"widget\" data-settings=\"{&quot;_position&quot;:&quot;absolute&quot;}\" data-widget_type=\"button.default\">\n\t\t\t\t<div class=\"elementor-widget-container\">\n\t\t\t\t\t\t\t\t\t<div class=\"elementor-button-wrapper\">\n\t\t\t\t\t<a class=\"elementor-button elementor-button-link elementor-size-sm\" href=\"https:\/\/www.acf.hhs.gov\/otip\/partnerships\/look-beneath-surface\">\n\t\t\t\t\t\t<span class=\"elementor-button-content-wrapper\">\n\t\t\t\t\t\t\t\t\t<span class=\"elementor-button-text\">Saber m\u00e1s<\/span>\n\t\t\t\t\t<\/span>\n\t\t\t\t\t<\/a>\n\t\t\t\t<\/div>\n\t\t\t\t\t\t\t\t<\/div>\n\t\t\t\t<\/div>\n\t\t\t\t\t<\/div>\n\t\t<\/div>\n\t\t\t\t<div class=\"elementor-column elementor-col-33 elementor-inner-column elementor-element elementor-element-c54c0be\" data-id=\"c54c0be\" data-element_type=\"column\" data-e-type=\"column\">\n\t\t\t<div class=\"elementor-widget-wrap elementor-element-populated\">\n\t\t\t\t\t\t<div class=\"elementor-element elementor-element-0618cf7 elementor-widget elementor-widget-heading\" data-id=\"0618cf7\" data-element_type=\"widget\" data-e-type=\"widget\" data-widget_type=\"heading.default\">\n\t\t\t\t<div class=\"elementor-widget-container\">\n\t\t\t\t\t<h2 class=\"elementor-heading-title elementor-size-default\">Campa\u00f1a Azul - Formaci\u00f3n para la concienciaci\u00f3n de las fuerzas de seguridad del DOJ  <\/h2>\t\t\t\t<\/div>\n\t\t\t\t<\/div>\n\t\t\t\t<div class=\"elementor-element elementor-element-6ec56b5 elementor-align-center elementor-absolute elementor-widget elementor-widget-button\" data-id=\"6ec56b5\" data-element_type=\"widget\" data-e-type=\"widget\" data-settings=\"{&quot;_position&quot;:&quot;absolute&quot;}\" data-widget_type=\"button.default\">\n\t\t\t\t<div class=\"elementor-widget-container\">\n\t\t\t\t\t\t\t\t\t<div class=\"elementor-button-wrapper\">\n\t\t\t\t\t<a class=\"elementor-button elementor-button-link elementor-size-sm\" href=\"https:\/\/www.dhs.gov\/blue-campaign\/law-enforcement-awareness-training\">\n\t\t\t\t\t\t<span class=\"elementor-button-content-wrapper\">\n\t\t\t\t\t\t\t\t\t<span class=\"elementor-button-text\">Saber m\u00e1s<\/span>\n\t\t\t\t\t<\/span>\n\t\t\t\t\t<\/a>\n\t\t\t\t<\/div>\n\t\t\t\t\t\t\t\t<\/div>\n\t\t\t\t<\/div>\n\t\t\t\t\t<\/div>\n\t\t<\/div>\n\t\t\t\t\t<\/div>\n\t\t<\/section>\n\t\t\t\t\t<\/div>\n\t\t<\/div>\n\t\t\t\t\t<\/div>\n\t\t<\/section>\n\t\t\t\t<\/div>\n\t\t","protected":false},"excerpt":{"rendered":"<p>Recursos sobre trata de personas y crisis L\u00ednea directa nacional contra la trata de seres humanos Saber m\u00e1s Equipos locales de lucha contra la trata de seres humanos de Florida Saber m\u00e1s Proyecto Polaris &#8211; B\u00fasqueda de trata de seres humanos Saber m\u00e1s 988 L\u00ednea Directa de Suicidio y Crisis Saber m\u00e1s Oficina de Trata [&hellip;]<\/p>\n","protected":false},"author":1,"featured_media":0,"parent":0,"menu_order":0,"comment_status":"closed","ping_status":"closed","template":"elementor_header_footer","meta":{"footnotes":""},"class_list":["post-835","page","type-page","status-publish","hentry"],"yoast_head":"<!-- This site is optimized with the Yoast SEO plugin v27.5 - https:\/\/yoast.com\/product\/yoast-seo-wordpress\/ -->\n<title>Recursos - Human Trafficking Awareness Institute<\/title>\n<meta name=\"robots\" content=\"index, follow, max-snippet:-1, max-image-preview:large, max-video-preview:-1\" \/>\n<link rel=\"canonical\" href=\"https:\/\/stophumantrafficking.me\/es\/recursos-2\/\" \/>\n<meta property=\"og:locale\" content=\"es_ES\" \/>\n<meta property=\"og:type\" content=\"article\" \/>\n<meta property=\"og:title\" content=\"Recursos - Human Trafficking Awareness Institute\" \/>\n<meta property=\"og:description\" content=\"Recursos sobre trata de personas y crisis L\u00ednea directa nacional contra la trata de seres humanos Saber m\u00e1s Equipos locales de lucha contra la trata de seres humanos de Florida Saber m\u00e1s Proyecto Polaris &#8211; B\u00fasqueda de trata de seres humanos Saber m\u00e1s 988 L\u00ednea Directa de Suicidio y Crisis Saber m\u00e1s Oficina de Trata [&hellip;]\" \/>\n<meta property=\"og:url\" content=\"https:\/\/stophumantrafficking.me\/es\/recursos-2\/\" \/>\n<meta property=\"og:site_name\" content=\"Human Trafficking Awareness Institute\" \/>\n<meta property=\"article:modified_time\" content=\"2024-10-15T23:03:35+00:00\" \/>\n<meta name=\"twitter:card\" content=\"summary_large_image\" \/>\n<meta name=\"twitter:label1\" content=\"Tiempo de lectura\" \/>\n\t<meta name=\"twitter:data1\" content=\"1 minuto\" \/>\n<script type=\"application\/ld+json\" class=\"yoast-schema-graph\">{\"@context\":\"https:\\\/\\\/schema.org\",\"@graph\":[{\"@type\":\"WebPage\",\"@id\":\"https:\\\/\\\/stophumantrafficking.me\\\/es\\\/recursos-2\\\/\",\"url\":\"https:\\\/\\\/stophumantrafficking.me\\\/es\\\/recursos-2\\\/\",\"name\":\"Recursos - Human Trafficking Awareness Institute\",\"isPartOf\":{\"@id\":\"https:\\\/\\\/stophumantrafficking.me\\\/es\\\/#website\"},\"datePublished\":\"2024-06-20T13:58:17+00:00\",\"dateModified\":\"2024-10-15T23:03:35+00:00\",\"breadcrumb\":{\"@id\":\"https:\\\/\\\/stophumantrafficking.me\\\/es\\\/recursos-2\\\/#breadcrumb\"},\"inLanguage\":\"es\",\"potentialAction\":[{\"@type\":\"ReadAction\",\"target\":[\"https:\\\/\\\/stophumantrafficking.me\\\/es\\\/recursos-2\\\/\"]}]},{\"@type\":\"BreadcrumbList\",\"@id\":\"https:\\\/\\\/stophumantrafficking.me\\\/es\\\/recursos-2\\\/#breadcrumb\",\"itemListElement\":[{\"@type\":\"ListItem\",\"position\":1,\"name\":\"Home\",\"item\":\"https:\\\/\\\/stophumantrafficking.me\\\/es\\\/\"},{\"@type\":\"ListItem\",\"position\":2,\"name\":\"Recursos\"}]},{\"@type\":\"WebSite\",\"@id\":\"https:\\\/\\\/stophumantrafficking.me\\\/es\\\/#website\",\"url\":\"https:\\\/\\\/stophumantrafficking.me\\\/es\\\/\",\"name\":\"Human Trafficking Awareness Institute\",\"description\":\"\",\"publisher\":{\"@id\":\"https:\\\/\\\/stophumantrafficking.me\\\/es\\\/#organization\"},\"potentialAction\":[{\"@type\":\"SearchAction\",\"target\":{\"@type\":\"EntryPoint\",\"urlTemplate\":\"https:\\\/\\\/stophumantrafficking.me\\\/es\\\/?s={search_term_string}\"},\"query-input\":{\"@type\":\"PropertyValueSpecification\",\"valueRequired\":true,\"valueName\":\"search_term_string\"}}],\"inLanguage\":\"es\"},{\"@type\":\"Organization\",\"@id\":\"https:\\\/\\\/stophumantrafficking.me\\\/es\\\/#organization\",\"name\":\"Human Trafficking Awareness Institute\",\"url\":\"https:\\\/\\\/stophumantrafficking.me\\\/es\\\/\",\"logo\":{\"@type\":\"ImageObject\",\"inLanguage\":\"es\",\"@id\":\"https:\\\/\\\/stophumantrafficking.me\\\/es\\\/#\\\/schema\\\/logo\\\/image\\\/\",\"url\":\"https:\\\/\\\/stophumantrafficking.me\\\/wp-content\\\/uploads\\\/2024\\\/06\\\/HT.png\",\"contentUrl\":\"https:\\\/\\\/stophumantrafficking.me\\\/wp-content\\\/uploads\\\/2024\\\/06\\\/HT.png\",\"width\":100,\"height\":100,\"caption\":\"Human Trafficking Awareness Institute\"},\"image\":{\"@id\":\"https:\\\/\\\/stophumantrafficking.me\\\/es\\\/#\\\/schema\\\/logo\\\/image\\\/\"}}]}<\/script>\n<!-- \/ Yoast SEO plugin. -->","yoast_head_json":{"title":"Recursos - Human Trafficking Awareness Institute","robots":{"index":"index","follow":"follow","max-snippet":"max-snippet:-1","max-image-preview":"max-image-preview:large","max-video-preview":"max-video-preview:-1"},"canonical":"https:\/\/stophumantrafficking.me\/es\/recursos-2\/","og_locale":"es_ES","og_type":"article","og_title":"Recursos - Human Trafficking Awareness Institute","og_description":"Recursos sobre trata de personas y crisis L\u00ednea directa nacional contra la trata de seres humanos Saber m\u00e1s Equipos locales de lucha contra la trata de seres humanos de Florida Saber m\u00e1s Proyecto Polaris &#8211; B\u00fasqueda de trata de seres humanos Saber m\u00e1s 988 L\u00ednea Directa de Suicidio y Crisis Saber m\u00e1s Oficina de Trata [&hellip;]","og_url":"https:\/\/stophumantrafficking.me\/es\/recursos-2\/","og_site_name":"Human Trafficking Awareness Institute","article_modified_time":"2024-10-15T23:03:35+00:00","twitter_card":"summary_large_image","twitter_misc":{"Tiempo de lectura":"1 minuto"},"schema":{"@context":"https:\/\/schema.org","@graph":[{"@type":"WebPage","@id":"https:\/\/stophumantrafficking.me\/es\/recursos-2\/","url":"https:\/\/stophumantrafficking.me\/es\/recursos-2\/","name":"Recursos - Human Trafficking Awareness Institute","isPartOf":{"@id":"https:\/\/stophumantrafficking.me\/es\/#website"},"datePublished":"2024-06-20T13:58:17+00:00","dateModified":"2024-10-15T23:03:35+00:00","breadcrumb":{"@id":"https:\/\/stophumantrafficking.me\/es\/recursos-2\/#breadcrumb"},"inLanguage":"es","potentialAction":[{"@type":"ReadAction","target":["https:\/\/stophumantrafficking.me\/es\/recursos-2\/"]}]},{"@type":"BreadcrumbList","@id":"https:\/\/stophumantrafficking.me\/es\/recursos-2\/#breadcrumb","itemListElement":[{"@type":"ListItem","position":1,"name":"Home","item":"https:\/\/stophumantrafficking.me\/es\/"},{"@type":"ListItem","position":2,"name":"Recursos"}]},{"@type":"WebSite","@id":"https:\/\/stophumantrafficking.me\/es\/#website","url":"https:\/\/stophumantrafficking.me\/es\/","name":"Human Trafficking Awareness Institute","description":"","publisher":{"@id":"https:\/\/stophumantrafficking.me\/es\/#organization"},"potentialAction":[{"@type":"SearchAction","target":{"@type":"EntryPoint","urlTemplate":"https:\/\/stophumantrafficking.me\/es\/?s={search_term_string}"},"query-input":{"@type":"PropertyValueSpecification","valueRequired":true,"valueName":"search_term_string"}}],"inLanguage":"es"},{"@type":"Organization","@id":"https:\/\/stophumantrafficking.me\/es\/#organization","name":"Human Trafficking Awareness Institute","url":"https:\/\/stophumantrafficking.me\/es\/","logo":{"@type":"ImageObject","inLanguage":"es","@id":"https:\/\/stophumantrafficking.me\/es\/#\/schema\/logo\/image\/","url":"https:\/\/stophumantrafficking.me\/wp-content\/uploads\/2024\/06\/HT.png","contentUrl":"https:\/\/stophumantrafficking.me\/wp-content\/uploads\/2024\/06\/HT.png","width":100,"height":100,"caption":"Human Trafficking Awareness Institute"},"image":{"@id":"https:\/\/stophumantrafficking.me\/es\/#\/schema\/logo\/image\/"}}]}},"_links":{"self":[{"href":"https:\/\/stophumantrafficking.me\/es\/wp-json\/wp\/v2\/pages\/835","targetHints":{"allow":["GET"]}}],"collection":[{"href":"https:\/\/stophumantrafficking.me\/es\/wp-json\/wp\/v2\/pages"}],"about":[{"href":"https:\/\/stophumantrafficking.me\/es\/wp-json\/wp\/v2\/types\/page"}],"author":[{"embeddable":true,"href":"https:\/\/stophumantrafficking.me\/es\/wp-json\/wp\/v2\/users\/1"}],"replies":[{"embeddable":true,"href":"https:\/\/stophumantrafficking.me\/es\/wp-json\/wp\/v2\/comments?post=835"}],"version-history":[{"count":9,"href":"https:\/\/stophumantrafficking.me\/es\/wp-json\/wp\/v2\/pages\/835\/revisions"}],"predecessor-version":[{"id":984,"href":"https:\/\/stophumantrafficking.me\/es\/wp-json\/wp\/v2\/pages\/835\/revisions\/984"}],"wp:attachment":[{"href":"https:\/\/stophumantrafficking.me\/es\/wp-json\/wp\/v2\/media?parent=835"}],"curies":[{"name":"wp","href":"https:\/\/api.w.org\/{rel}","templated":true}]}}